{"id":998,"date":"2020-08-06T19:05:10","date_gmt":"2020-08-06T19:05:10","guid":{"rendered":"http:\/\/aiiiiiiiadelante.es\/?page_id=998"},"modified":"2020-08-21T20:50:17","modified_gmt":"2020-08-21T20:50:17","slug":"eventos","status":"publish","type":"page","link":"http:\/\/aiiiiiiiadelante.es\/?page_id=998","title":{"rendered":"Todo trail"},"content":{"rendered":"\n<div class=\"wp-block-group alignwide\"><div class=\"wp-block-group__inner-container is-layout-flow wp-block-group-is-layout-flow\">\n<figure class=\"wp-block-table aligncenter is-style-stripes\"><table><tbody><tr><td><a href=\"https:\/\/www.trailrun.es\/\"><img loading=\"lazy\" decoding=\"async\" width=\"194\" height=\"48\" class=\"wp-image-1350\" style=\"width: 194px;\" src=\"http:\/\/aiiiiiiiadelante.es\/wp-content\/uploads\/2020\/08\/TrailRun-1.png\" alt=\"\" srcset=\"http:\/\/aiiiiiiiadelante.es\/wp-content\/uploads\/2020\/08\/TrailRun-1.png 194w, http:\/\/aiiiiiiiadelante.es\/wp-content\/uploads\/2020\/08\/TrailRun-1-178x44.png 178w\" sizes=\"(max-width: 194px) 100vw, 194px\" \/><\/a><\/td><td>Es una publicaci\u00f3n dedicada al mundo del&nbsp;<strong>trail running<\/strong>, hecha por y para corredores de monta\u00f1a como vosotros<\/td><\/tr><tr><td><a href=\"https:\/\/www.carreraspormontana.com\/\"><img loading=\"lazy\" decoding=\"async\" width=\"194\" height=\"55\" class=\"wp-image-1352\" style=\"width: 194px;\" src=\"http:\/\/aiiiiiiiadelante.es\/wp-content\/uploads\/2020\/08\/Carreras-por-monta\u00f1a-2.png\" alt=\"\" srcset=\"http:\/\/aiiiiiiiadelante.es\/wp-content\/uploads\/2020\/08\/Carreras-por-monta\u00f1a-2.png 194w, http:\/\/aiiiiiiiadelante.es\/wp-content\/uploads\/2020\/08\/Carreras-por-monta\u00f1a-2-178x50.png 178w\" sizes=\"(max-width: 194px) 100vw, 194px\" \/><\/a><\/td><td>Editorial con divulgaci\u00f3n de la cultura monta\u00f1era.<\/td><\/tr><tr><td><a href=\"https:\/\/infotrail.es\/\"><img loading=\"lazy\" decoding=\"async\" width=\"194\" height=\"54\" class=\"wp-image-1355\" style=\"width: 194px;\" src=\"http:\/\/aiiiiiiiadelante.es\/wp-content\/uploads\/2020\/08\/infoTrail-1.png\" alt=\"\" srcset=\"http:\/\/aiiiiiiiadelante.es\/wp-content\/uploads\/2020\/08\/infoTrail-1.png 194w, http:\/\/aiiiiiiiadelante.es\/wp-content\/uploads\/2020\/08\/infoTrail-1-178x50.png 178w\" sizes=\"(max-width: 194px) 100vw, 194px\" \/><\/a><\/td><td>Medio de comunicaci\u00f3n con art\u00edculos t\u00e9cnicos. rigurosos.<\/td><\/tr><tr><td><a href=\"https:\/\/www.desnivel.com\/\"><img loading=\"lazy\" decoding=\"async\" width=\"194\" height=\"64\" class=\"wp-image-1356\" style=\"width: 194px;\" src=\"http:\/\/aiiiiiiiadelante.es\/wp-content\/uploads\/2020\/08\/desnivel-1.png\" alt=\"\" srcset=\"http:\/\/aiiiiiiiadelante.es\/wp-content\/uploads\/2020\/08\/desnivel-1.png 194w, http:\/\/aiiiiiiiadelante.es\/wp-content\/uploads\/2020\/08\/desnivel-1-178x59.png 178w\" sizes=\"(max-width: 194px) 100vw, 194px\" \/><\/a><\/td><td>Revista de monta\u00f1ismo.<\/td><\/tr><tr><td><a href=\"https:\/\/www.trailrunningespana.com\/\"><img loading=\"lazy\" decoding=\"async\" width=\"194\" height=\"87\" class=\"wp-image-1357\" style=\"width: 194px;\" src=\"http:\/\/aiiiiiiiadelante.es\/wp-content\/uploads\/2020\/08\/Trail-Running-Espa\u00f1a-3.png\" alt=\"\" srcset=\"http:\/\/aiiiiiiiadelante.es\/wp-content\/uploads\/2020\/08\/Trail-Running-Espa\u00f1a-3.png 194w, http:\/\/aiiiiiiiadelante.es\/wp-content\/uploads\/2020\/08\/Trail-Running-Espa\u00f1a-3-178x80.png 178w\" sizes=\"(max-width: 194px) 100vw, 194px\" \/><\/a><\/td><td>Informaci\u00f3n alternativa a los diferentes medios del<\/td><\/tr><tr><td><a href=\"http:\/\/www.aetrail.com\/\"><img loading=\"lazy\" decoding=\"async\" width=\"194\" height=\"68\" class=\"wp-image-1358\" style=\"width: 194px;\" src=\"http:\/\/aiiiiiiiadelante.es\/wp-content\/uploads\/2020\/08\/Asociaci\u00f3n-Espa\u00f1ola-del-Trail-Running-1.png\" alt=\"\" srcset=\"http:\/\/aiiiiiiiadelante.es\/wp-content\/uploads\/2020\/08\/Asociaci\u00f3n-Espa\u00f1ola-del-Trail-Running-1.png 194w, http:\/\/aiiiiiiiadelante.es\/wp-content\/uploads\/2020\/08\/Asociaci\u00f3n-Espa\u00f1ola-del-Trail-Running-1-178x62.png 178w\" sizes=\"(max-width: 194px) 100vw, 194px\" \/><\/a><\/td><td>Asociaci\u00f3n Espa\u00f1ola de Trail Running.<\/td><\/tr><tr><td><a href=\"https:\/\/www.thenorthface.es\/\"><img loading=\"lazy\" decoding=\"async\" width=\"154\" height=\"86\" class=\"wp-image-1321\" style=\"width: 154px;\" src=\"http:\/\/aiiiiiiiadelante.es\/wp-content\/uploads\/2020\/08\/the-north-face.png\" alt=\"\"><\/a><\/td><td>Web de equipamiento para atletas y corredores.<\/td><\/tr><tr><td><a href=\"https:\/\/utmbmontblanc.com\/es\/UTMB\"><img loading=\"lazy\" decoding=\"async\" width=\"144\" height=\"159\" class=\"wp-image-1323\" style=\"width: 144px;\" src=\"http:\/\/aiiiiiiiadelante.es\/wp-content\/uploads\/2020\/08\/UTMB.png\" alt=\"\"><\/a><\/td><td>Web de la prueba m\u00edtica de ultra trail.<\/td><\/tr><\/tbody><\/table><\/figure>\n<\/div><\/div>\n\n\n\n<p><\/p>\n","protected":false},"excerpt":{"rendered":"<p>Es una publicaci\u00f3n dedicada al mundo del&nbsp;trail running, hecha por y para corredores de monta\u00f1a como vosotros Editorial con divulgaci\u00f3n de la cultura monta\u00f1era. Medio de comunicaci\u00f3n con art\u00edculos t\u00e9cnicos. rigurosos. Revista de monta\u00f1ismo. Informaci\u00f3n alternativa a los diferentes medios del Asociaci\u00f3n Espa\u00f1ola de Trail Running. Web de equipamiento para atletas y corredores. Web de &hellip; <a href=\"http:\/\/aiiiiiiiadelante.es\/?page_id=998\" class=\"more-link\">Sigue leyendo <span class=\"screen-reader-text\">Todo trail<\/span><\/a><\/p>\n","protected":false},"author":5,"featured_media":0,"parent":0,"menu_order":0,"comment_status":"closed","ping_status":"closed","template":"","meta":{"ngg_post_thumbnail":0,"footnotes":""},"yoast_head":"<!-- This site is optimized with the Yoast SEO plugin v22.7 - https:\/\/yoast.com\/wordpress\/plugins\/seo\/ -->\n<title>Todo trail - Club Aiiiiiiiadelanteteam<\/title>\n<meta name=\"robots\" content=\"index, follow, max-snippet:-1, max-image-preview:large, max-video-preview:-1\" \/>\n<link rel=\"canonical\" href=\"https:\/\/aiiiiiiiadelante.es\/?page_id=998\" \/>\n<meta property=\"og:locale\" content=\"es_ES\" \/>\n<meta property=\"og:type\" content=\"article\" \/>\n<meta property=\"og:title\" content=\"Todo trail - Club Aiiiiiiiadelanteteam\" \/>\n<meta property=\"og:description\" content=\"Es una publicaci\u00f3n dedicada al mundo del&nbsp;trail running, hecha por y para corredores de monta\u00f1a como vosotros Editorial con divulgaci\u00f3n de la cultura monta\u00f1era. Medio de comunicaci\u00f3n con art\u00edculos t\u00e9cnicos. rigurosos. Revista de monta\u00f1ismo. Informaci\u00f3n alternativa a los diferentes medios del Asociaci\u00f3n Espa\u00f1ola de Trail Running. Web de equipamiento para atletas y corredores. Web de &hellip; Sigue leyendo Todo trail\" \/>\n<meta property=\"og:url\" content=\"https:\/\/aiiiiiiiadelante.es\/?page_id=998\" \/>\n<meta property=\"og:site_name\" content=\"Club Aiiiiiiiadelanteteam\" \/>\n<meta property=\"article:publisher\" content=\"https:\/\/www.facebook.com\/Club-Aiiiiiiiadelanteteam-130374467015665\/\" \/>\n<meta property=\"article:modified_time\" content=\"2020-08-21T20:50:17+00:00\" \/>\n<meta property=\"og:image\" content=\"http:\/\/aiiiiiiiadelante.es\/wp-content\/uploads\/2020\/08\/TrailRun-1.png\" \/>\n<meta name=\"twitter:card\" content=\"summary_large_image\" \/>\n<meta name=\"twitter:site\" content=\"@Aiiiiiiadelante\" \/>\n<script type=\"application\/ld+json\" class=\"yoast-schema-graph\">{\"@context\":\"https:\/\/schema.org\",\"@graph\":[{\"@type\":\"WebPage\",\"@id\":\"https:\/\/aiiiiiiiadelante.es\/?page_id=998\",\"url\":\"https:\/\/aiiiiiiiadelante.es\/?page_id=998\",\"name\":\"Todo trail - Club Aiiiiiiiadelanteteam\",\"isPartOf\":{\"@id\":\"http:\/\/aiiiiiiiadelante.es\/#website\"},\"primaryImageOfPage\":{\"@id\":\"https:\/\/aiiiiiiiadelante.es\/?page_id=998#primaryimage\"},\"image\":{\"@id\":\"https:\/\/aiiiiiiiadelante.es\/?page_id=998#primaryimage\"},\"thumbnailUrl\":\"http:\/\/aiiiiiiiadelante.es\/wp-content\/uploads\/2020\/08\/TrailRun-1.png\",\"datePublished\":\"2020-08-06T19:05:10+00:00\",\"dateModified\":\"2020-08-21T20:50:17+00:00\",\"breadcrumb\":{\"@id\":\"https:\/\/aiiiiiiiadelante.es\/?page_id=998#breadcrumb\"},\"inLanguage\":\"es\",\"potentialAction\":[{\"@type\":\"ReadAction\",\"target\":[\"https:\/\/aiiiiiiiadelante.es\/?page_id=998\"]}]},{\"@type\":\"ImageObject\",\"inLanguage\":\"es\",\"@id\":\"https:\/\/aiiiiiiiadelante.es\/?page_id=998#primaryimage\",\"url\":\"http:\/\/aiiiiiiiadelante.es\/wp-content\/uploads\/2020\/08\/TrailRun-1.png\",\"contentUrl\":\"http:\/\/aiiiiiiiadelante.es\/wp-content\/uploads\/2020\/08\/TrailRun-1.png\",\"width\":194,\"height\":48},{\"@type\":\"BreadcrumbList\",\"@id\":\"https:\/\/aiiiiiiiadelante.es\/?page_id=998#breadcrumb\",\"itemListElement\":[{\"@type\":\"ListItem\",\"position\":1,\"name\":\"Portada\",\"item\":\"http:\/\/aiiiiiiiadelante.es\/\"},{\"@type\":\"ListItem\",\"position\":2,\"name\":\"Todo trail\"}]},{\"@type\":\"WebSite\",\"@id\":\"http:\/\/aiiiiiiiadelante.es\/#website\",\"url\":\"http:\/\/aiiiiiiiadelante.es\/\",\"name\":\"Club Aiiiiiiiadelanteteam\",\"description\":\"Equipo de carreras de monta&ntilde;a\",\"potentialAction\":[{\"@type\":\"SearchAction\",\"target\":{\"@type\":\"EntryPoint\",\"urlTemplate\":\"http:\/\/aiiiiiiiadelante.es\/?s={search_term_string}\"},\"query-input\":\"required name=search_term_string\"}],\"inLanguage\":\"es\"}]}<\/script>\n<!-- \/ Yoast SEO plugin. -->","yoast_head_json":{"title":"Todo trail - Club Aiiiiiiiadelanteteam","robots":{"index":"index","follow":"follow","max-snippet":"max-snippet:-1","max-image-preview":"max-image-preview:large","max-video-preview":"max-video-preview:-1"},"canonical":"https:\/\/aiiiiiiiadelante.es\/?page_id=998","og_locale":"es_ES","og_type":"article","og_title":"Todo trail - Club Aiiiiiiiadelanteteam","og_description":"Es una publicaci\u00f3n dedicada al mundo del&nbsp;trail running, hecha por y para corredores de monta\u00f1a como vosotros Editorial con divulgaci\u00f3n de la cultura monta\u00f1era. Medio de comunicaci\u00f3n con art\u00edculos t\u00e9cnicos. rigurosos. Revista de monta\u00f1ismo. Informaci\u00f3n alternativa a los diferentes medios del Asociaci\u00f3n Espa\u00f1ola de Trail Running. Web de equipamiento para atletas y corredores. Web de &hellip; Sigue leyendo Todo trail","og_url":"https:\/\/aiiiiiiiadelante.es\/?page_id=998","og_site_name":"Club Aiiiiiiiadelanteteam","article_publisher":"https:\/\/www.facebook.com\/Club-Aiiiiiiiadelanteteam-130374467015665\/","article_modified_time":"2020-08-21T20:50:17+00:00","og_image":[{"url":"http:\/\/aiiiiiiiadelante.es\/wp-content\/uploads\/2020\/08\/TrailRun-1.png"}],"twitter_card":"summary_large_image","twitter_site":"@Aiiiiiiadelante","schema":{"@context":"https:\/\/schema.org","@graph":[{"@type":"WebPage","@id":"https:\/\/aiiiiiiiadelante.es\/?page_id=998","url":"https:\/\/aiiiiiiiadelante.es\/?page_id=998","name":"Todo trail - Club Aiiiiiiiadelanteteam","isPartOf":{"@id":"http:\/\/aiiiiiiiadelante.es\/#website"},"primaryImageOfPage":{"@id":"https:\/\/aiiiiiiiadelante.es\/?page_id=998#primaryimage"},"image":{"@id":"https:\/\/aiiiiiiiadelante.es\/?page_id=998#primaryimage"},"thumbnailUrl":"http:\/\/aiiiiiiiadelante.es\/wp-content\/uploads\/2020\/08\/TrailRun-1.png","datePublished":"2020-08-06T19:05:10+00:00","dateModified":"2020-08-21T20:50:17+00:00","breadcrumb":{"@id":"https:\/\/aiiiiiiiadelante.es\/?page_id=998#breadcrumb"},"inLanguage":"es","potentialAction":[{"@type":"ReadAction","target":["https:\/\/aiiiiiiiadelante.es\/?page_id=998"]}]},{"@type":"ImageObject","inLanguage":"es","@id":"https:\/\/aiiiiiiiadelante.es\/?page_id=998#primaryimage","url":"http:\/\/aiiiiiiiadelante.es\/wp-content\/uploads\/2020\/08\/TrailRun-1.png","contentUrl":"http:\/\/aiiiiiiiadelante.es\/wp-content\/uploads\/2020\/08\/TrailRun-1.png","width":194,"height":48},{"@type":"BreadcrumbList","@id":"https:\/\/aiiiiiiiadelante.es\/?page_id=998#breadcrumb","itemListElement":[{"@type":"ListItem","position":1,"name":"Portada","item":"http:\/\/aiiiiiiiadelante.es\/"},{"@type":"ListItem","position":2,"name":"Todo trail"}]},{"@type":"WebSite","@id":"http:\/\/aiiiiiiiadelante.es\/#website","url":"http:\/\/aiiiiiiiadelante.es\/","name":"Club Aiiiiiiiadelanteteam","description":"Equipo de carreras de monta&ntilde;a","potentialAction":[{"@type":"SearchAction","target":{"@type":"EntryPoint","urlTemplate":"http:\/\/aiiiiiiiadelante.es\/?s={search_term_string}"},"query-input":"required name=search_term_string"}],"inLanguage":"es"}]}},"_links":{"self":[{"href":"http:\/\/aiiiiiiiadelante.es\/index.php?rest_route=\/wp\/v2\/pages\/998"}],"collection":[{"href":"http:\/\/aiiiiiiiadelante.es\/index.php?rest_route=\/wp\/v2\/pages"}],"about":[{"href":"http:\/\/aiiiiiiiadelante.es\/index.php?rest_route=\/wp\/v2\/types\/page"}],"author":[{"embeddable":true,"href":"http:\/\/aiiiiiiiadelante.es\/index.php?rest_route=\/wp\/v2\/users\/5"}],"replies":[{"embeddable":true,"href":"http:\/\/aiiiiiiiadelante.es\/index.php?rest_route=%2Fwp%2Fv2%2Fcomments&post=998"}],"version-history":[{"count":51,"href":"http:\/\/aiiiiiiiadelante.es\/index.php?rest_route=\/wp\/v2\/pages\/998\/revisions"}],"predecessor-version":[{"id":1381,"href":"http:\/\/aiiiiiiiadelante.es\/index.php?rest_route=\/wp\/v2\/pages\/998\/revisions\/1381"}],"wp:attachment":[{"href":"http:\/\/aiiiiiiiadelante.es\/index.php?rest_route=%2Fwp%2Fv2%2Fmedia&parent=998"}],"curies":[{"name":"wp","href":"https:\/\/api.w.org\/{rel}","templated":true}]}}