{"id":752,"date":"2016-03-29T19:39:03","date_gmt":"2016-03-29T19:39:03","guid":{"rendered":"http:\/\/aiiiiiiiadelante.es\/?page_id=752"},"modified":"2024-05-16T07:42:07","modified_gmt":"2024-05-16T07:42:07","slug":"el-club","status":"publish","type":"page","link":"http:\/\/aiiiiiiiadelante.es\/","title":{"rendered":"Informaci\u00f3n del club"},"content":{"rendered":"\n\n\t<p>Nacimos como amigos y como tal seguimos. Viejos conocidos del deporte y en la actualidad ese adjetivo nos viene genial ya que su n\u00facleo duro supera con creces la cincuentena lo que siempre nos ha distinguido, sin olvidar a los m\u00e1s j\u00f3venes que van tomando el relevo.<\/p>\n<p>No queremos crecer mucho y deseamos seguir divirti\u00e9ndonos. Es m\u00e1s siempre pedimos a aquellos que quieran incorporarse en unas salidas juntos y luego ya valoramos los unos y los otros.<\/p>\n<p>El porqu\u00e9 del nombre es una historia que merece una entrada, pero recuerda tiene<strong> siete \u00edes.<\/strong><a href=\"http:\/\/aiiiiiiiadelante.es\/wp-content\/uploads\/2020\/08\/plantilla-1.png\"><img loading=\"lazy\" decoding=\"async\" src=\"http:\/\/aiiiiiiiadelante.es\/wp-content\/uploads\/2020\/08\/plantilla-1.png\" alt=\"\" width=\"1024\" height=\"441\" \/><\/a><\/p>\n<p>&nbsp;<\/p>\n\n","protected":false},"excerpt":{"rendered":"<p>Nacimos como amigos y como tal seguimos. Viejos conocidos del deporte y en la actualidad ese adjetivo nos viene genial ya que su n\u00facleo duro supera con creces la cincuentena lo que siempre nos ha distinguido, sin olvidar a los m\u00e1s j\u00f3venes que van tomando el relevo. No queremos crecer mucho y deseamos seguir divirti\u00e9ndonos. &hellip; <a href=\"http:\/\/aiiiiiiiadelante.es\/\" class=\"more-link\">Sigue leyendo <span class=\"screen-reader-text\">Informaci\u00f3n del club<\/span><\/a><\/p>\n","protected":false},"author":5,"featured_media":0,"parent":0,"menu_order":0,"comment_status":"closed","ping_status":"closed","template":"","meta":{"ngg_post_thumbnail":0,"footnotes":""},"yoast_head":"<!-- This site is optimized with the Yoast SEO plugin v22.7 - https:\/\/yoast.com\/wordpress\/plugins\/seo\/ -->\n<title>Informaci\u00f3n del club - Club Aiiiiiiiadelanteteam<\/title>\n<meta name=\"robots\" content=\"index, follow, max-snippet:-1, max-image-preview:large, max-video-preview:-1\" \/>\n<link rel=\"canonical\" href=\"http:\/\/aiiiiiiiadelante.es\/\" \/>\n<meta property=\"og:locale\" content=\"es_ES\" \/>\n<meta property=\"og:type\" content=\"article\" \/>\n<meta property=\"og:title\" content=\"Informaci\u00f3n del club - Club Aiiiiiiiadelanteteam\" \/>\n<meta property=\"og:description\" content=\"Nacimos como amigos y como tal seguimos. Viejos conocidos del deporte y en la actualidad ese adjetivo nos viene genial ya que su n\u00facleo duro supera con creces la cincuentena lo que siempre nos ha distinguido, sin olvidar a los m\u00e1s j\u00f3venes que van tomando el relevo. No queremos crecer mucho y deseamos seguir divirti\u00e9ndonos. &hellip; Sigue leyendo Informaci\u00f3n del club\" \/>\n<meta property=\"og:url\" content=\"http:\/\/aiiiiiiiadelante.es\/\" \/>\n<meta property=\"og:site_name\" content=\"Club Aiiiiiiiadelanteteam\" \/>\n<meta property=\"article:publisher\" content=\"https:\/\/www.facebook.com\/Club-Aiiiiiiiadelanteteam-130374467015665\/\" \/>\n<meta property=\"article:modified_time\" content=\"2024-05-16T07:42:07+00:00\" \/>\n<meta property=\"og:image\" content=\"http:\/\/aiiiiiiiadelante.es\/wp-content\/uploads\/2020\/08\/plantilla-1.png\" \/>\n<meta name=\"twitter:card\" content=\"summary_large_image\" \/>\n<meta name=\"twitter:site\" content=\"@Aiiiiiiadelante\" \/>\n<script type=\"application\/ld+json\" class=\"yoast-schema-graph\">{\"@context\":\"https:\/\/schema.org\",\"@graph\":[{\"@type\":\"WebPage\",\"@id\":\"http:\/\/aiiiiiiiadelante.es\/\",\"url\":\"http:\/\/aiiiiiiiadelante.es\/\",\"name\":\"Informaci\u00f3n del club - Club Aiiiiiiiadelanteteam\",\"isPartOf\":{\"@id\":\"http:\/\/aiiiiiiiadelante.es\/#website\"},\"primaryImageOfPage\":{\"@id\":\"http:\/\/aiiiiiiiadelante.es\/#primaryimage\"},\"image\":{\"@id\":\"http:\/\/aiiiiiiiadelante.es\/#primaryimage\"},\"thumbnailUrl\":\"http:\/\/aiiiiiiiadelante.es\/wp-content\/uploads\/2020\/08\/plantilla-1.png\",\"datePublished\":\"2016-03-29T19:39:03+00:00\",\"dateModified\":\"2024-05-16T07:42:07+00:00\",\"breadcrumb\":{\"@id\":\"http:\/\/aiiiiiiiadelante.es\/#breadcrumb\"},\"inLanguage\":\"es\",\"potentialAction\":[{\"@type\":\"ReadAction\",\"target\":[\"http:\/\/aiiiiiiiadelante.es\/\"]}]},{\"@type\":\"ImageObject\",\"inLanguage\":\"es\",\"@id\":\"http:\/\/aiiiiiiiadelante.es\/#primaryimage\",\"url\":\"http:\/\/aiiiiiiiadelante.es\/wp-content\/uploads\/2020\/08\/plantilla-1.png\",\"contentUrl\":\"http:\/\/aiiiiiiiadelante.es\/wp-content\/uploads\/2020\/08\/plantilla-1.png\"},{\"@type\":\"BreadcrumbList\",\"@id\":\"http:\/\/aiiiiiiiadelante.es\/#breadcrumb\",\"itemListElement\":[{\"@type\":\"ListItem\",\"position\":1,\"name\":\"Portada\",\"item\":\"http:\/\/aiiiiiiiadelante.es\/\"},{\"@type\":\"ListItem\",\"position\":2,\"name\":\"Informaci\u00f3n del club\"}]},{\"@type\":\"WebSite\",\"@id\":\"http:\/\/aiiiiiiiadelante.es\/#website\",\"url\":\"http:\/\/aiiiiiiiadelante.es\/\",\"name\":\"Club Aiiiiiiiadelanteteam\",\"description\":\"Equipo de carreras de monta&ntilde;a\",\"potentialAction\":[{\"@type\":\"SearchAction\",\"target\":{\"@type\":\"EntryPoint\",\"urlTemplate\":\"http:\/\/aiiiiiiiadelante.es\/?s={search_term_string}\"},\"query-input\":\"required name=search_term_string\"}],\"inLanguage\":\"es\"}]}<\/script>\n<!-- \/ Yoast SEO plugin. -->","yoast_head_json":{"title":"Informaci\u00f3n del club - Club Aiiiiiiiadelanteteam","robots":{"index":"index","follow":"follow","max-snippet":"max-snippet:-1","max-image-preview":"max-image-preview:large","max-video-preview":"max-video-preview:-1"},"canonical":"http:\/\/aiiiiiiiadelante.es\/","og_locale":"es_ES","og_type":"article","og_title":"Informaci\u00f3n del club - Club Aiiiiiiiadelanteteam","og_description":"Nacimos como amigos y como tal seguimos. Viejos conocidos del deporte y en la actualidad ese adjetivo nos viene genial ya que su n\u00facleo duro supera con creces la cincuentena lo que siempre nos ha distinguido, sin olvidar a los m\u00e1s j\u00f3venes que van tomando el relevo. No queremos crecer mucho y deseamos seguir divirti\u00e9ndonos. &hellip; Sigue leyendo Informaci\u00f3n del club","og_url":"http:\/\/aiiiiiiiadelante.es\/","og_site_name":"Club Aiiiiiiiadelanteteam","article_publisher":"https:\/\/www.facebook.com\/Club-Aiiiiiiiadelanteteam-130374467015665\/","article_modified_time":"2024-05-16T07:42:07+00:00","og_image":[{"url":"http:\/\/aiiiiiiiadelante.es\/wp-content\/uploads\/2020\/08\/plantilla-1.png"}],"twitter_card":"summary_large_image","twitter_site":"@Aiiiiiiadelante","schema":{"@context":"https:\/\/schema.org","@graph":[{"@type":"WebPage","@id":"http:\/\/aiiiiiiiadelante.es\/","url":"http:\/\/aiiiiiiiadelante.es\/","name":"Informaci\u00f3n del club - Club Aiiiiiiiadelanteteam","isPartOf":{"@id":"http:\/\/aiiiiiiiadelante.es\/#website"},"primaryImageOfPage":{"@id":"http:\/\/aiiiiiiiadelante.es\/#primaryimage"},"image":{"@id":"http:\/\/aiiiiiiiadelante.es\/#primaryimage"},"thumbnailUrl":"http:\/\/aiiiiiiiadelante.es\/wp-content\/uploads\/2020\/08\/plantilla-1.png","datePublished":"2016-03-29T19:39:03+00:00","dateModified":"2024-05-16T07:42:07+00:00","breadcrumb":{"@id":"http:\/\/aiiiiiiiadelante.es\/#breadcrumb"},"inLanguage":"es","potentialAction":[{"@type":"ReadAction","target":["http:\/\/aiiiiiiiadelante.es\/"]}]},{"@type":"ImageObject","inLanguage":"es","@id":"http:\/\/aiiiiiiiadelante.es\/#primaryimage","url":"http:\/\/aiiiiiiiadelante.es\/wp-content\/uploads\/2020\/08\/plantilla-1.png","contentUrl":"http:\/\/aiiiiiiiadelante.es\/wp-content\/uploads\/2020\/08\/plantilla-1.png"},{"@type":"BreadcrumbList","@id":"http:\/\/aiiiiiiiadelante.es\/#breadcrumb","itemListElement":[{"@type":"ListItem","position":1,"name":"Portada","item":"http:\/\/aiiiiiiiadelante.es\/"},{"@type":"ListItem","position":2,"name":"Informaci\u00f3n del club"}]},{"@type":"WebSite","@id":"http:\/\/aiiiiiiiadelante.es\/#website","url":"http:\/\/aiiiiiiiadelante.es\/","name":"Club Aiiiiiiiadelanteteam","description":"Equipo de carreras de monta&ntilde;a","potentialAction":[{"@type":"SearchAction","target":{"@type":"EntryPoint","urlTemplate":"http:\/\/aiiiiiiiadelante.es\/?s={search_term_string}"},"query-input":"required name=search_term_string"}],"inLanguage":"es"}]}},"_links":{"self":[{"href":"http:\/\/aiiiiiiiadelante.es\/index.php?rest_route=\/wp\/v2\/pages\/752"}],"collection":[{"href":"http:\/\/aiiiiiiiadelante.es\/index.php?rest_route=\/wp\/v2\/pages"}],"about":[{"href":"http:\/\/aiiiiiiiadelante.es\/index.php?rest_route=\/wp\/v2\/types\/page"}],"author":[{"embeddable":true,"href":"http:\/\/aiiiiiiiadelante.es\/index.php?rest_route=\/wp\/v2\/users\/5"}],"replies":[{"embeddable":true,"href":"http:\/\/aiiiiiiiadelante.es\/index.php?rest_route=%2Fwp%2Fv2%2Fcomments&post=752"}],"version-history":[{"count":22,"href":"http:\/\/aiiiiiiiadelante.es\/index.php?rest_route=\/wp\/v2\/pages\/752\/revisions"}],"predecessor-version":[{"id":1486,"href":"http:\/\/aiiiiiiiadelante.es\/index.php?rest_route=\/wp\/v2\/pages\/752\/revisions\/1486"}],"wp:attachment":[{"href":"http:\/\/aiiiiiiiadelante.es\/index.php?rest_route=%2Fwp%2Fv2%2Fmedia&parent=752"}],"curies":[{"name":"wp","href":"https:\/\/api.w.org\/{rel}","templated":true}]}}